{"id":17639,"date":"2025-02-26T16:13:40","date_gmt":"2025-02-26T15:13:40","guid":{"rendered":"https:\/\/nordicroots.se\/?page_id=17639"},"modified":"2026-04-22T21:21:21","modified_gmt":"2026-04-22T19:21:21","slug":"tag-team-masters-2026","status":"publish","type":"page","link":"https:\/\/nordicroots.se\/index.php\/tag-team-masters-2026\/","title":{"rendered":"Tag Team Masters 2026"},"content":{"rendered":"\n<div class=\"wp-block-cover alignfull wp-duotone-unset-1\" style=\"margin-top:0;padding-top:4vw;padding-right:4vw;padding-bottom:4vw;padding-left:4vw;min-height:50vh;aspect-ratio:unset;\"><img loading=\"lazy\" decoding=\"async\" width=\"1600\" height=\"1067\" class=\"wp-block-cover__image-background wp-image-5221 size-full\" alt=\"\" src=\"https:\/\/nordicroots.se\/wp-content\/uploads\/2022\/03\/GOLF-8-2.jpg\" data-object-fit=\"cover\" srcset=\"https:\/\/nordicroots.se\/wp-content\/uploads\/2022\/03\/GOLF-8-2.jpg 1600w, https:\/\/nordicroots.se\/wp-content\/uploads\/2022\/03\/GOLF-8-2-600x400.jpg 600w, https:\/\/nordicroots.se\/wp-content\/uploads\/2022\/03\/GOLF-8-2-300x200.jpg 300w, https:\/\/nordicroots.se\/wp-content\/uploads\/2022\/03\/GOLF-8-2-1024x683.jpg 1024w, https:\/\/nordicroots.se\/wp-content\/uploads\/2022\/03\/GOLF-8-2-768x512.jpg 768w, https:\/\/nordicroots.se\/wp-content\/uploads\/2022\/03\/GOLF-8-2-1536x1024.jpg 1536w\" sizes=\"auto, (max-width: 1600px) 100vw, 1600px\" \/><span aria-hidden=\"true\" class=\"wp-block-cover__background has-transparent-background-color has-background-dim-40 has-background-dim\"><\/span><div class=\"wp-block-cover__inner-container is-layout-flow wp-block-cover-is-layout-flow\">\n<div class=\"wp-block-group is-layout-flow wp-container-core-group-is-layout-d6743c7d wp-block-group-is-layout-flow\">\n<p class=\"has-text-align-center has-luminous-vivid-amber-color has-text-color\" style=\"font-size:clamp(50.171px, 3.136rem + ((1vw - 3.2px) * 5.662), 100px);font-style:normal;font-weight:700;letter-spacing:-2px;line-height:0.9;text-transform:uppercase\">Valle del Este<\/p>\n\n\n\n<div style=\"height:48px\" aria-hidden=\"true\" class=\"wp-block-spacer\"><\/div>\n\n\n\n<div class=\"wp-block-buttons is-content-justification-center is-layout-flex wp-container-core-buttons-is-layout-a89b3969 wp-block-buttons-is-layout-flex\">\n<div class=\"wp-block-button has-custom-width wp-block-button__width-50\"><a class=\"wp-block-button__link has-bright-color has-luminous-vivid-amber-background-color has-text-color has-background has-custom-font-size wp-element-button\" href=\"https:\/\/www.golfbox.dk\/livescoring\/tour\/?language=1053#\/competition\/5573192\/info\" style=\"padding-top:11px;padding-right:14px;padding-bottom:11px;padding-left:14px;font-size:clamp(14px, 0.875rem + ((1vw - 3.2px) * 0.682), 20px);font-style:normal;font-weight:700;letter-spacing:1px;text-transform:uppercase\">startlisOR &amp; leaderboard<\/a><\/div>\n<\/div>\n<\/div>\n<\/div><\/div>\n\n\n\n<p class=\"has-text-align-center\">V\u00e4lkomna till \u00e5rets roligaste golfvecka!<br>En h\u00e4rlig vecka tillsammans d\u00e4r ni utmanas med olika spelformer varje<br>dag, golfjakten, musikquiz och mycket mer.<\/p>\n\n\n\n<div class=\"wp-block-buttons is-horizontal is-content-justification-center is-layout-flex wp-container-core-buttons-is-layout-03627597 wp-block-buttons-is-layout-flex\">\n<div class=\"wp-block-button has-custom-width wp-block-button__width-50\"><a class=\"wp-block-button__link has-luminous-vivid-amber-background-color has-background has-text-align-center wp-element-button\">Transfer 06:30<\/a><\/div>\n<\/div>\n\n\n\n<div class=\"wp-block-media-text is-stacked-on-mobile\" style=\"margin-top:0;margin-bottom:0;padding-top:0;padding-bottom:0;grid-template-columns:55% auto\"><figure class=\"wp-block-media-text__media\"><img loading=\"lazy\" decoding=\"async\" width=\"1024\" height=\"683\" src=\"https:\/\/nordicroots.se\/wp-content\/uploads\/2022\/03\/SPA-2-1024x683.jpg\" alt=\"\" class=\"wp-image-5219 size-full\" srcset=\"https:\/\/nordicroots.se\/wp-content\/uploads\/2022\/03\/SPA-2-1024x683.jpg 1024w, https:\/\/nordicroots.se\/wp-content\/uploads\/2022\/03\/SPA-2-600x400.jpg 600w, https:\/\/nordicroots.se\/wp-content\/uploads\/2022\/03\/SPA-2-300x200.jpg 300w, https:\/\/nordicroots.se\/wp-content\/uploads\/2022\/03\/SPA-2-768x512.jpg 768w, https:\/\/nordicroots.se\/wp-content\/uploads\/2022\/03\/SPA-2-1536x1024.jpg 1536w, https:\/\/nordicroots.se\/wp-content\/uploads\/2022\/03\/SPA-2.jpg 1600w\" sizes=\"auto, (max-width: 1024px) 100vw, 1024px\" \/><\/figure><div class=\"wp-block-media-text__content\">\n<p class=\"has-medium-font-size\"><strong>Golfjakten<\/strong><\/p>\n\n\n\n<p>Weronica Anders 19<br>Olle H\u00e5kan 39<br>Sten Lotti 48<br>Lars Stimpe 61<br>Lena Pia 67<br>Tommy Renee 67<br>Rolf Astor 69<br>Lillemor Anneli 69<br>Lars \u00c5ke 70<br>Elisabeth Lena 70<br>Dick HP 74<br>Mattias Henrik 84<br>Lars Anna Lena 86<br>KurtAnders 91<br>Sigge Jonas 102<br>Lena Becke 103<br>Jonas 108<br>Daniel Linda 112<br>Meisam Hanna 139<br>Arja Toni 173<br>Bengt Anders 181<\/p>\n<\/div><\/div>\n\n\n\n<div class=\"wp-block-media-text alignwide has-media-on-the-right is-stacked-on-mobile is-vertically-aligned-center is-image-fill-element has-transparent-background-color has-background\"><div class=\"wp-block-media-text__content\">\n<div class=\"wp-block-group is-layout-flow wp-block-group-is-layout-flow\" style=\"padding-top:2em;padding-right:2em;padding-bottom:2em;padding-left:2em\">\n<p style=\"font-size:clamp(22.041px, 1.378rem + ((1vw - 3.2px) * 1.586), 36px);line-height:1.2\"><strong>B\u00e4stboll<\/strong> &#8211; 18 april<\/p>\n\n\n\n<p class=\"has-extra-small-font-size\">Den perfekta kombinationen av samarbete och strategi. H\u00e4r kommer en bekv\u00e4m spelform, n\u00e4mligen b\u00e4stboll. Man spelar sin egna boll hela v\u00e4gen p\u00e5 varje h\u00e5l f\u00f6r att sedan r\u00e4kna det b\u00e4sta nettoresultatet inom laget per h\u00e5l. Ett mindre bra h\u00e5l spelar ingen roll<br>s\u00e5 l\u00e4nge spelkamraten g\u00f6r det bra d\u00e4r. Det r\u00e4cker allts\u00e5 med 9 bra h\u00e5l var.<\/p>\n<\/div>\n<\/div><figure class=\"wp-block-media-text__media\"><img loading=\"lazy\" decoding=\"async\" width=\"1024\" height=\"683\" src=\"https:\/\/nordicroots.se\/wp-content\/uploads\/2022\/03\/GOLF-6-1-1024x683.jpg\" alt=\"\" class=\"wp-image-5223 size-full\" style=\"object-position:50% 50%\" srcset=\"https:\/\/nordicroots.se\/wp-content\/uploads\/2022\/03\/GOLF-6-1-1024x683.jpg 1024w, https:\/\/nordicroots.se\/wp-content\/uploads\/2022\/03\/GOLF-6-1-600x400.jpg 600w, https:\/\/nordicroots.se\/wp-content\/uploads\/2022\/03\/GOLF-6-1-300x200.jpg 300w, https:\/\/nordicroots.se\/wp-content\/uploads\/2022\/03\/GOLF-6-1-768x512.jpg 768w, https:\/\/nordicroots.se\/wp-content\/uploads\/2022\/03\/GOLF-6-1-1536x1024.jpg 1536w, https:\/\/nordicroots.se\/wp-content\/uploads\/2022\/03\/GOLF-6-1.jpg 1600w\" sizes=\"auto, (max-width: 1024px) 100vw, 1024px\" \/><\/figure><\/div>\n\n\n\n<div class=\"wp-block-media-text alignwide is-stacked-on-mobile is-vertically-aligned-center is-image-fill-element has-transparent-background-color has-background\"><figure class=\"wp-block-media-text__media\"><img loading=\"lazy\" decoding=\"async\" width=\"1024\" height=\"683\" src=\"https:\/\/nordicroots.se\/wp-content\/uploads\/2022\/03\/GOLF-5-1024x683.jpg\" alt=\"\" class=\"wp-image-5216 size-full\" style=\"object-position:50% 50%\" srcset=\"https:\/\/nordicroots.se\/wp-content\/uploads\/2022\/03\/GOLF-5-1024x683.jpg 1024w, https:\/\/nordicroots.se\/wp-content\/uploads\/2022\/03\/GOLF-5-600x400.jpg 600w, https:\/\/nordicroots.se\/wp-content\/uploads\/2022\/03\/GOLF-5-300x200.jpg 300w, https:\/\/nordicroots.se\/wp-content\/uploads\/2022\/03\/GOLF-5-768x512.jpg 768w, https:\/\/nordicroots.se\/wp-content\/uploads\/2022\/03\/GOLF-5-1536x1024.jpg 1536w, https:\/\/nordicroots.se\/wp-content\/uploads\/2022\/03\/GOLF-5.jpg 1600w\" sizes=\"auto, (max-width: 1024px) 100vw, 1024px\" \/><\/figure><div class=\"wp-block-media-text__content\">\n<div class=\"wp-block-group is-layout-flow wp-block-group-is-layout-flow\" style=\"padding-top:2em;padding-right:2em;padding-bottom:2em;padding-left:2em\">\n<p style=\"font-size:clamp(22.041px, 1.378rem + ((1vw - 3.2px) * 1.586), 36px);line-height:1.2\"><strong>Irish Greensome &#8211; <\/strong>19 april<\/p>\n\n\n\n<p class=\"has-extra-small-font-size\">Spelformen \u00e4r en variant av greensome d\u00e4r b\u00e5da spelarna sl\u00e5r ut fr\u00e5n tee och sedan, p\u00e5 h\u00e5l med par 4 och par 5, sl\u00e5r ytterligare ett slag p\u00e5 partnerns boll (oavsett om n\u00e5gon boll f\u00e5tt pliktslag). D\u00e4refter v\u00e4ljer paret vilken boll de vill forts\u00e4tta att spela p\u00e5. Sen g\u00e4ller vartannat slag.<br>S\u00e5 forts\u00e4tter det tills n\u00e5gon s\u00e4tter putten och b\u00e5da tar \u00e5t sig \u00e4ran. Mycket strategi, lite tur och st\u00e4ndig diskussion om vems slag det \u201cegentligen\u201d var \ud83d\ude42<\/p>\n<\/div>\n<\/div><\/div>\n\n\n\n<div class=\"wp-block-media-text alignwide is-stacked-on-mobile is-vertically-aligned-center is-image-fill-element has-transparent-background-color has-background\"><figure class=\"wp-block-media-text__media\"><img loading=\"lazy\" decoding=\"async\" width=\"768\" height=\"1024\" src=\"https:\/\/nordicroots.se\/wp-content\/uploads\/2026\/03\/IMG_20240915_201959-768x1024.jpg\" alt=\"\" class=\"wp-image-19362 size-full\" style=\"object-position:50% 50%\" srcset=\"https:\/\/nordicroots.se\/wp-content\/uploads\/2026\/03\/IMG_20240915_201959-768x1024.jpg 768w, https:\/\/nordicroots.se\/wp-content\/uploads\/2026\/03\/IMG_20240915_201959-225x300.jpg 225w, https:\/\/nordicroots.se\/wp-content\/uploads\/2026\/03\/IMG_20240915_201959-1152x1536.jpg 1152w, https:\/\/nordicroots.se\/wp-content\/uploads\/2026\/03\/IMG_20240915_201959-1536x2048.jpg 1536w, https:\/\/nordicroots.se\/wp-content\/uploads\/2026\/03\/IMG_20240915_201959-scaled.jpg 1920w\" sizes=\"auto, (max-width: 768px) 100vw, 768px\" \/><\/figure><div class=\"wp-block-media-text__content\">\n<div class=\"wp-block-group is-layout-flow wp-block-group-is-layout-flow\" style=\"padding-top:2em;padding-right:2em;padding-bottom:2em;padding-left:2em\">\n<p style=\"font-size:clamp(22.041px, 1.378rem + ((1vw - 3.2px) * 1.586), 36px);line-height:1.2\"><strong>Top Tracer &#8211; BBQ Middag 20:00 <\/strong>20 april<\/p>\n\n\n\n<p>Vi bjuder in till en privat BBQ-kv\u00e4ll d\u00e4r ni f\u00e5r njuta av fantastisk mat, serverad i cocktailformat. Under kv\u00e4llen fylls rangen av musik, st\u00e4mning och h\u00e4rlig energi medan ni t\u00e4vlar i roliga Toptracer-utmaningar som longest drive och nearest to the pin \u2013 allt under str\u00e5lkastarljuset.<\/p>\n\n\n\n<p class=\"has-extra-small-font-size\">Kv\u00e4llen bjuder p\u00e5 en smakrik variation fr\u00e5n BBQ-buff\u00e9n, gott om dryck och en social, avslappnad atmosf\u00e4r d\u00e4r golf, t\u00e4vling och matupplevelser m\u00f6ts. En riktigt minnesv\u00e4rd kv\u00e4ll d\u00e4r b\u00e5de maten och upplevelsen \u00e4r i en klass f\u00f6r sig.<\/p>\n<\/div>\n<\/div><\/div>\n\n\n\n<div class=\"wp-block-media-text alignwide has-media-on-the-right is-stacked-on-mobile is-vertically-aligned-center is-image-fill-element has-transparent-background-color has-background\"><div class=\"wp-block-media-text__content\">\n<div class=\"wp-block-group is-layout-flow wp-block-group-is-layout-flow\" style=\"padding-top:2em;padding-right:2em;padding-bottom:2em;padding-left:2em\">\n<p style=\"font-size:clamp(22.041px, 1.378rem + ((1vw - 3.2px) * 1.586), 36px);line-height:1.2\"><strong>Scramble<\/strong> &#8211; 21 april<\/p>\n\n\n\n<p class=\"has-extra-small-font-size\">Den roligaste spelformen bland majoriteten av golfarna. Vi spelar klassisk 2 manna scramble som uppskattas av alla. H\u00e4r har man r\u00e5d att missa n\u00e5gra slag och \u00e4nd\u00e5 f\u00e5 en fantastisk score. Reglerna \u00e4r enkla, b\u00e5da spelarna har chansen att sl\u00e5 fr\u00e5n det b\u00e4sta l\u00e4get hela tiden. 6 tvingande utslag per person. B\u00e5da spelarna placerar sin boll inom 1 scorekort fr\u00e5n den valda bollens l\u00e4ge (man f\u00e5r d\u00e5 inte byta spelyta).<\/p>\n<\/div>\n<\/div><figure class=\"wp-block-media-text__media\"><img loading=\"lazy\" decoding=\"async\" width=\"1024\" height=\"683\" src=\"https:\/\/nordicroots.se\/wp-content\/uploads\/2021\/11\/GOLF-18-1024x683.jpg\" alt=\"\" class=\"wp-image-3476 size-full\" style=\"object-position:50% 50%\" srcset=\"https:\/\/nordicroots.se\/wp-content\/uploads\/2021\/11\/GOLF-18-1024x683.jpg 1024w, https:\/\/nordicroots.se\/wp-content\/uploads\/2021\/11\/GOLF-18-600x400.jpg 600w, https:\/\/nordicroots.se\/wp-content\/uploads\/2021\/11\/GOLF-18-300x200.jpg 300w, https:\/\/nordicroots.se\/wp-content\/uploads\/2021\/11\/GOLF-18-768x512.jpg 768w, https:\/\/nordicroots.se\/wp-content\/uploads\/2021\/11\/GOLF-18-1536x1024.jpg 1536w, https:\/\/nordicroots.se\/wp-content\/uploads\/2021\/11\/GOLF-18.jpg 1600w\" sizes=\"auto, (max-width: 1024px) 100vw, 1024px\" \/><\/figure><\/div>\n\n\n\n<div class=\"wp-block-media-text alignwide is-stacked-on-mobile is-vertically-aligned-center is-image-fill-element has-transparent-background-color has-background\"><figure class=\"wp-block-media-text__media\"><img loading=\"lazy\" decoding=\"async\" width=\"1024\" height=\"683\" src=\"https:\/\/nordicroots.se\/wp-content\/uploads\/2021\/11\/A1-HOTEL-1-1024x683.jpg\" alt=\"\" class=\"wp-image-3480 size-full\" style=\"object-position:50% 50%\" srcset=\"https:\/\/nordicroots.se\/wp-content\/uploads\/2021\/11\/A1-HOTEL-1-1024x683.jpg 1024w, https:\/\/nordicroots.se\/wp-content\/uploads\/2021\/11\/A1-HOTEL-1-600x400.jpg 600w, https:\/\/nordicroots.se\/wp-content\/uploads\/2021\/11\/A1-HOTEL-1-300x200.jpg 300w, https:\/\/nordicroots.se\/wp-content\/uploads\/2021\/11\/A1-HOTEL-1-768x512.jpg 768w, https:\/\/nordicroots.se\/wp-content\/uploads\/2021\/11\/A1-HOTEL-1-1536x1024.jpg 1536w, https:\/\/nordicroots.se\/wp-content\/uploads\/2021\/11\/A1-HOTEL-1.jpg 1600w\" sizes=\"auto, (max-width: 1024px) 100vw, 1024px\" \/><\/figure><div class=\"wp-block-media-text__content\">\n<div class=\"wp-block-group is-layout-flow wp-block-group-is-layout-flow\" style=\"padding-top:2em;padding-right:2em;padding-bottom:2em;padding-left:2em\">\n<p style=\"font-size:clamp(22.041px, 1.378rem + ((1vw - 3.2px) * 1.586), 36px);line-height:1.2\"><strong>Trippeln &#8211; <\/strong>22 april<\/p>\n\n\n\n<p class=\"has-extra-small-font-size\">Uppl\u00e4gget kombinerar tre olika lagspel f\u00f6r att testa spelarnas samarbetsf\u00f6rm\u00e5ga p\u00e5 olika s\u00e4tt. Vi b\u00f6rjar med det lite l\u00e4ttare spelet f\u00f6r att sen ta oss vidare in i det mer t\u00e4nkande och problematiska spelet.<br>H\u00e5l 1-6 Scramble<br>H\u00e5l 7-12 Greensome<br>H\u00e5l 13-18 Foursome<\/p>\n<\/div>\n<\/div><\/div>\n","protected":false},"excerpt":{"rendered":"<p>V\u00e4lkomna till \u00e5rets roligaste golfvecka!En h\u00e4rlig vecka tillsammans d\u00e4r ni utmanas med olika spelformer varjedag, golfjakten, musikquiz och mycket mer. Golfjakten Weronica Anders 19Olle H\u00e5kan 39Sten Lotti 48Lars Stimpe 61Lena Pia 67Tommy Renee 67Rolf Astor 69Lillemor Anneli 69Lars \u00c5ke 70Elisabeth Lena 70Dick HP 74Mattias Henrik 84Lars Anna Lena 86KurtAnders 91Sigge Jonas 102Lena Becke 103Jonas 108Daniel [&hellip;]<\/p>\n","protected":false},"author":1,"featured_media":0,"parent":0,"menu_order":0,"comment_status":"closed","ping_status":"closed","template":"","meta":{"footnotes":""},"class_list":["post-17639","page","type-page","status-publish","hentry"],"_links":{"self":[{"href":"https:\/\/nordicroots.se\/index.php\/wp-json\/wp\/v2\/pages\/17639","targetHints":{"allow":["GET"]}}],"collection":[{"href":"https:\/\/nordicroots.se\/index.php\/wp-json\/wp\/v2\/pages"}],"about":[{"href":"https:\/\/nordicroots.se\/index.php\/wp-json\/wp\/v2\/types\/page"}],"author":[{"embeddable":true,"href":"https:\/\/nordicroots.se\/index.php\/wp-json\/wp\/v2\/users\/1"}],"replies":[{"embeddable":true,"href":"https:\/\/nordicroots.se\/index.php\/wp-json\/wp\/v2\/comments?post=17639"}],"version-history":[{"count":27,"href":"https:\/\/nordicroots.se\/index.php\/wp-json\/wp\/v2\/pages\/17639\/revisions"}],"predecessor-version":[{"id":19488,"href":"https:\/\/nordicroots.se\/index.php\/wp-json\/wp\/v2\/pages\/17639\/revisions\/19488"}],"wp:attachment":[{"href":"https:\/\/nordicroots.se\/index.php\/wp-json\/wp\/v2\/media?parent=17639"}],"curies":[{"name":"wp","href":"https:\/\/api.w.org\/{rel}","templated":true}]}}