{"id":17635,"date":"2025-02-26T16:04:17","date_gmt":"2025-02-26T15:04:17","guid":{"rendered":"https:\/\/nordicroots.se\/?page_id=17635"},"modified":"2025-11-23T22:02:53","modified_gmt":"2025-11-23T21:02:53","slug":"golfersrace","status":"publish","type":"page","link":"https:\/\/nordicroots.se\/index.php\/golfersrace\/","title":{"rendered":"Golfers Race 2025"},"content":{"rendered":"\n<figure class=\"wp-block-image aligncenter size-full\"><img loading=\"lazy\" decoding=\"async\" width=\"2400\" height=\"1000\" src=\"https:\/\/nordicroots.se\/wp-content\/uploads\/2025\/11\/Namnlos-design.png\" alt=\"Golfers Race - T\u00e4vlingsresa\" class=\"wp-image-18414\" srcset=\"https:\/\/nordicroots.se\/wp-content\/uploads\/2025\/11\/Namnlos-design.png 2400w, https:\/\/nordicroots.se\/wp-content\/uploads\/2025\/11\/Namnlos-design-300x125.png 300w, https:\/\/nordicroots.se\/wp-content\/uploads\/2025\/11\/Namnlos-design-1024x427.png 1024w, https:\/\/nordicroots.se\/wp-content\/uploads\/2025\/11\/Namnlos-design-768x320.png 768w, https:\/\/nordicroots.se\/wp-content\/uploads\/2025\/11\/Namnlos-design-1536x640.png 1536w, https:\/\/nordicroots.se\/wp-content\/uploads\/2025\/11\/Namnlos-design-2048x853.png 2048w\" sizes=\"auto, (max-width: 2400px) 100vw, 2400px\" \/><\/figure>\n\n\n\n<div class=\"wp-block-buttons is-content-justification-center is-layout-flex wp-container-core-buttons-is-layout-a89b3969 wp-block-buttons-is-layout-flex\">\n<div class=\"wp-block-button has-custom-width wp-block-button__width-50\"><a class=\"wp-block-button__link has-bright-color has-luminous-vivid-amber-to-luminous-vivid-orange-gradient-background has-text-color has-background has-custom-font-size wp-element-button\" href=\"https:\/\/mingolfv4.golf.se\/Competition\/5342902\" style=\"padding-top:11px;padding-right:14px;padding-bottom:11px;padding-left:14px;font-size:clamp(14px, 0.875rem + ((1vw - 3.2px) * 0.682), 20px);font-style:normal;font-weight:700;letter-spacing:1px;text-transform:uppercase\">startlistOR &amp; leaderboard<\/a><\/div>\n<\/div>\n\n\n\n<p class=\"has-text-align-center\">V\u00e4lkomna till \u00e5rets roligaste golfvecka!<br>En h\u00e4rlig vecka tillsammans d\u00e4r ni utmanas med olika spelformer varje<br>dag, golfjakten, musikquiz och mycket mer.<\/p>\n\n\n\n<div class=\"wp-block-buttons is-horizontal is-content-justification-center is-layout-flex wp-container-core-buttons-is-layout-03627597 wp-block-buttons-is-layout-flex\">\n<div class=\"wp-block-button has-custom-width wp-block-button__width-50\"><a class=\"wp-block-button__link has-midnight-gradient-background has-background has-text-align-center wp-element-button\">SISTA SPELDAGEN &#8211; LYCKA TILL<\/a><\/div>\n<\/div>\n\n\n\n<div class=\"wp-block-media-text is-stacked-on-mobile\" style=\"border-width:2px\"><figure class=\"wp-block-media-text__media\"><img loading=\"lazy\" decoding=\"async\" width=\"1024\" height=\"684\" src=\"https:\/\/nordicroots.se\/wp-content\/uploads\/2024\/05\/Iberostar-Royal-Andalus-Hotel-Chiclana-de-la-Frontera-Exterior-1024x684.jpeg\" alt=\"\" class=\"wp-image-15074 size-full\" srcset=\"https:\/\/nordicroots.se\/wp-content\/uploads\/2024\/05\/Iberostar-Royal-Andalus-Hotel-Chiclana-de-la-Frontera-Exterior-1024x684.jpeg 1024w, https:\/\/nordicroots.se\/wp-content\/uploads\/2024\/05\/Iberostar-Royal-Andalus-Hotel-Chiclana-de-la-Frontera-Exterior-300x200.jpeg 300w, https:\/\/nordicroots.se\/wp-content\/uploads\/2024\/05\/Iberostar-Royal-Andalus-Hotel-Chiclana-de-la-Frontera-Exterior-768x513.jpeg 768w, https:\/\/nordicroots.se\/wp-content\/uploads\/2024\/05\/Iberostar-Royal-Andalus-Hotel-Chiclana-de-la-Frontera-Exterior-1536x1026.jpeg 1536w, https:\/\/nordicroots.se\/wp-content\/uploads\/2024\/05\/Iberostar-Royal-Andalus-Hotel-Chiclana-de-la-Frontera-Exterior-2048x1367.jpeg 2048w\" sizes=\"auto, (max-width: 1024px) 100vw, 1024px\" \/><\/figure><div class=\"wp-block-media-text__content\">\n<p class=\"has-x-large-font-size\">GOLFJAKTEN<\/p>\n\n\n\n<p>Tove \/ H\u00e5kan 13<br>Ann-Britt \/ Anders 15<br>Mikael \/ Linda 15<br>Robert \/ Anette 15<br>Mia \/ \u00d6sten 16<br>Eila \/ Jan 16<br>Ann \/ Bjarne 17<br>Lena \/ Kennerth 18<br>Helena \/ Mathias 18<br>Kalle \/ KP 23<br>Annelie \/ Thomas 23<br>Helen \/ M\u00e5rten 25<br>Malin \/ Roger 30<br>Meisam \/ Hannah 32<br>Helena \/ Anders 39<br>Micael \/ Eva 39<br>Peter \/ Anneli 42<br>Mats \/ Catrine 62<\/p>\n<\/div><\/div>\n\n\n\n<div class=\"wp-block-media-text alignwide has-media-on-the-right is-stacked-on-mobile is-vertically-aligned-center is-image-fill-element has-background\" style=\"border-width:2px;background-color:#f1f5c7\"><div class=\"wp-block-media-text__content\">\n<div class=\"wp-block-group is-layout-flow wp-block-group-is-layout-flow\" style=\"padding-top:2em;padding-right:2em;padding-bottom:2em;padding-left:2em\">\n<p style=\"font-size:clamp(22.041px, 1.378rem + ((1vw - 3.2px) * 1.586), 36px);line-height:1.2\"><strong>B\u00c4STBOLL<\/strong> &#8211; 20 november<\/p>\n\n\n\n<p style=\"font-size:clamp(22.041px, 1.378rem + ((1vw - 3.2px) * 1.586), 36px);line-height:1.2\">09:50 &#8211; Campo Mar<\/p>\n\n\n\n<p class=\"has-extra-small-font-size\">Den perfekta kombinationen av samarbete och strategi. H\u00e4r kommer en bekv\u00e4m spelform, n\u00e4mligen b\u00e4stboll. Man spelar sin egna boll hela v\u00e4gen p\u00e5 varje h\u00e5l f\u00f6r att sedan r\u00e4kna det b\u00e4sta nettoresultatet inom laget per h\u00e5l. Ett mindre bra h\u00e5l spelar ingen roll s\u00e5 l\u00e4nge spelkamraten g\u00f6r det bra d\u00e4r. Det r\u00e4cker allts\u00e5 med 9 bra h\u00e5l var.<\/p>\n\n\n\n<p class=\"has-extra-small-font-size\">Handicapet reduceras med 10%<\/p>\n<\/div>\n<\/div><figure class=\"wp-block-media-text__media\"><img loading=\"lazy\" decoding=\"async\" width=\"1024\" height=\"678\" src=\"https:\/\/nordicroots.se\/wp-content\/uploads\/2024\/05\/Real-Club-de-Golf-Novo-Sancti-Petri-1-1024x678.jpg\" alt=\"\" class=\"wp-image-15066 size-full\" style=\"object-position:50% 50%\" srcset=\"https:\/\/nordicroots.se\/wp-content\/uploads\/2024\/05\/Real-Club-de-Golf-Novo-Sancti-Petri-1-1024x678.jpg 1024w, https:\/\/nordicroots.se\/wp-content\/uploads\/2024\/05\/Real-Club-de-Golf-Novo-Sancti-Petri-1-300x199.jpg 300w, https:\/\/nordicroots.se\/wp-content\/uploads\/2024\/05\/Real-Club-de-Golf-Novo-Sancti-Petri-1-768x509.jpg 768w, https:\/\/nordicroots.se\/wp-content\/uploads\/2024\/05\/Real-Club-de-Golf-Novo-Sancti-Petri-1-1536x1018.jpg 1536w, https:\/\/nordicroots.se\/wp-content\/uploads\/2024\/05\/Real-Club-de-Golf-Novo-Sancti-Petri-1.jpg 1920w\" sizes=\"auto, (max-width: 1024px) 100vw, 1024px\" \/><\/figure><\/div>\n\n\n\n<div class=\"wp-block-media-text alignwide is-stacked-on-mobile is-vertically-aligned-center is-image-fill-element has-background\" style=\"border-width:2px;background-color:#fffdea\"><figure class=\"wp-block-media-text__media\"><img loading=\"lazy\" decoding=\"async\" width=\"1024\" height=\"682\" src=\"https:\/\/nordicroots.se\/wp-content\/uploads\/2024\/05\/Real_Novo_Sancti_Petri_Golf_Club_6_Copy.jpg\" alt=\"\" class=\"wp-image-15073 size-full\" style=\"object-position:50% 50%\" srcset=\"https:\/\/nordicroots.se\/wp-content\/uploads\/2024\/05\/Real_Novo_Sancti_Petri_Golf_Club_6_Copy.jpg 1024w, https:\/\/nordicroots.se\/wp-content\/uploads\/2024\/05\/Real_Novo_Sancti_Petri_Golf_Club_6_Copy-300x200.jpg 300w, https:\/\/nordicroots.se\/wp-content\/uploads\/2024\/05\/Real_Novo_Sancti_Petri_Golf_Club_6_Copy-768x512.jpg 768w\" sizes=\"auto, (max-width: 1024px) 100vw, 1024px\" \/><\/figure><div class=\"wp-block-media-text__content\">\n<div class=\"wp-block-group is-layout-flow wp-block-group-is-layout-flow\" style=\"padding-top:2em;padding-right:2em;padding-bottom:2em;padding-left:2em\">\n<p style=\"font-size:clamp(22.041px, 1.378rem + ((1vw - 3.2px) * 1.586), 36px);line-height:1.2\"><strong>RUMBLE &#8211; <\/strong>21 november<\/p>\n\n\n\n<p style=\"font-size:clamp(22.041px, 1.378rem + ((1vw - 3.2px) * 1.586), 36px);line-height:1.2\">09:20 &#8211; Campo Centro<\/p>\n\n\n\n<p class=\"has-extra-small-font-size\">Nu blir det sp\u00e4nnande med en ny spelform som inte m\u00e5nga har spelat. H\u00e4r har man likt scramble r\u00e5d att missa n\u00e5gra slag men man m\u00e5ste t\u00e4nka till lite mer n\u00e4r man n\u00e4rmar sig h\u00e5l. Reglerna \u00e4r enkla, b\u00e5da spelarna har chansen att sl\u00e5 fr\u00e5n det b\u00e4sta l\u00e4get hela tiden f\u00f6rutom n\u00e4r bollen \u00e4r p\u00e5 green (n\u00e4r n\u00e5gon del av bollen nuddar green). V\u00e4l p\u00e5 green \u00e4r det vartannat slag likt foursome, den spelarens boll man valde p\u00e5 green b\u00f6rjar med att st\u00e5 \u00f6ver. F\u00f6r att kr\u00e5ngla till det lite ytterligare \u00e4r det 3 tvingande utslag per person och 9 h\u00e5l. B\u00e5da spelarna placerar sin boll inom 1 scorekort fr\u00e5n den valda bollens l\u00e4ge (man f\u00e5r d\u00e5 inte byta spelyta).<\/p>\n<\/div>\n<\/div><\/div>\n\n\n\n<div class=\"wp-block-media-text alignwide has-media-on-the-right is-stacked-on-mobile is-vertically-aligned-center is-image-fill-element has-background\" style=\"border-width:2px;background-color:#f1f5c7\"><div class=\"wp-block-media-text__content\">\n<div class=\"wp-block-group is-layout-flow wp-block-group-is-layout-flow\" style=\"padding-top:2em;padding-right:2em;padding-bottom:2em;padding-left:2em\">\n<p style=\"font-size:clamp(22.041px, 1.378rem + ((1vw - 3.2px) * 1.586), 36px);line-height:1.2\"><strong>GREENSOME<\/strong> &#8211; 23 november<\/p>\n\n\n\n<p style=\"font-size:clamp(22.041px, 1.378rem + ((1vw - 3.2px) * 1.586), 36px);line-height:1.2\">09:00 &#8211; Campo Centro<\/p>\n\n\n\n<p class=\"has-extra-small-font-size\">Dags f\u00f6r \u00e4kta lagspel d\u00e4r man m\u00e5ste komplettera varandra. Greensome \u00e4r n\u00e5got enklare variant av foursome som spelas under Ryder Cup. B\u00e5da spelarna sl\u00e5r ut och d\u00e4refter v\u00e4ljer en boll att spela<br>vartannat slag p\u00e5 tills den \u00e4r i h\u00e5l. Planera ert spel och v\u00e4lj de l\u00e4gen som passar just ert lag b\u00e4st, om det g\u00e5r.<\/p>\n<\/div>\n<\/div><figure class=\"wp-block-media-text__media\"><img loading=\"lazy\" decoding=\"async\" width=\"1024\" height=\"682\" src=\"https:\/\/nordicroots.se\/wp-content\/uploads\/2025\/10\/marypinos_05-1024x682-1.jpg\" alt=\"\" class=\"wp-image-18398 size-full\" style=\"object-position:50% 50%\" srcset=\"https:\/\/nordicroots.se\/wp-content\/uploads\/2025\/10\/marypinos_05-1024x682-1.jpg 1024w, https:\/\/nordicroots.se\/wp-content\/uploads\/2025\/10\/marypinos_05-1024x682-1-300x200.jpg 300w, https:\/\/nordicroots.se\/wp-content\/uploads\/2025\/10\/marypinos_05-1024x682-1-768x512.jpg 768w\" sizes=\"auto, (max-width: 1024px) 100vw, 1024px\" \/><\/figure><\/div>\n\n\n\n<div class=\"wp-block-media-text alignwide is-stacked-on-mobile is-vertically-aligned-center is-image-fill-element has-background\" style=\"border-width:2px;background-color:#fffdea\"><figure class=\"wp-block-media-text__media\"><img loading=\"lazy\" decoding=\"async\" width=\"1024\" height=\"669\" src=\"https:\/\/nordicroots.se\/wp-content\/uploads\/2025\/10\/dji_0259-forbattrat-br-2-1024x669.jpg\" alt=\"\" class=\"wp-image-18399 size-full\" style=\"object-position:50% 50%\" srcset=\"https:\/\/nordicroots.se\/wp-content\/uploads\/2025\/10\/dji_0259-forbattrat-br-2-1024x669.jpg 1024w, https:\/\/nordicroots.se\/wp-content\/uploads\/2025\/10\/dji_0259-forbattrat-br-2-300x196.jpg 300w, https:\/\/nordicroots.se\/wp-content\/uploads\/2025\/10\/dji_0259-forbattrat-br-2-768x502.jpg 768w, https:\/\/nordicroots.se\/wp-content\/uploads\/2025\/10\/dji_0259-forbattrat-br-2-1536x1003.jpg 1536w, https:\/\/nordicroots.se\/wp-content\/uploads\/2025\/10\/dji_0259-forbattrat-br-2.jpg 1960w\" sizes=\"auto, (max-width: 1024px) 100vw, 1024px\" \/><\/figure><div class=\"wp-block-media-text__content\">\n<div class=\"wp-block-group is-layout-flow wp-block-group-is-layout-flow\" style=\"padding-top:2em;padding-right:2em;padding-bottom:2em;padding-left:2em\">\n<p style=\"font-size:clamp(22.041px, 1.378rem + ((1vw - 3.2px) * 1.586), 36px);line-height:1.2\"><strong>SCRAMBLE &#8211; <\/strong>24 november<\/p>\n\n\n\n<p style=\"font-size:clamp(22.041px, 1.378rem + ((1vw - 3.2px) * 1.586), 36px);line-height:1.2\">11:40 &#8211; Campo Mar<\/p>\n\n\n\n<p class=\"has-extra-small-font-size\">Den roligaste spelformen bland majoriteten av golfarna. Vi avslutar med 2 manna scramble som uppskattas av alla. H\u00e4r har man r\u00e5d att missa n\u00e5gra slag och \u00e4nd\u00e5 f\u00e5 en fantastisk score. Reglerna \u00e4r enkla, b\u00e5da spelarna har chansen att sl\u00e5 fr\u00e5n det b\u00e4sta l\u00e4get hela tiden. 6 tvingande utslag per person. B\u00e5da spelarna placerar sin boll inom 1 scorekort fr\u00e5n den valda bollens l\u00e4ge (man f\u00e5r d\u00e5 inte byta spelyta).<\/p>\n<\/div>\n<\/div><\/div>\n","protected":false},"excerpt":{"rendered":"<p>V\u00e4lkomna till \u00e5rets roligaste golfvecka!En h\u00e4rlig vecka tillsammans d\u00e4r ni utmanas med olika spelformer varjedag, golfjakten, musikquiz och mycket mer. GOLFJAKTEN Tove \/ H\u00e5kan 13Ann-Britt \/ Anders 15Mikael \/ Linda 15Robert \/ Anette 15Mia \/ \u00d6sten 16Eila \/ Jan 16Ann \/ Bjarne 17Lena \/ Kennerth 18Helena \/ Mathias 18Kalle \/ KP 23Annelie \/ Thomas 23Helen [&hellip;]<\/p>\n","protected":false},"author":1,"featured_media":0,"parent":0,"menu_order":0,"comment_status":"closed","ping_status":"closed","template":"","meta":{"footnotes":""},"class_list":["post-17635","page","type-page","status-publish","hentry"],"_links":{"self":[{"href":"https:\/\/nordicroots.se\/index.php\/wp-json\/wp\/v2\/pages\/17635","targetHints":{"allow":["GET"]}}],"collection":[{"href":"https:\/\/nordicroots.se\/index.php\/wp-json\/wp\/v2\/pages"}],"about":[{"href":"https:\/\/nordicroots.se\/index.php\/wp-json\/wp\/v2\/types\/page"}],"author":[{"embeddable":true,"href":"https:\/\/nordicroots.se\/index.php\/wp-json\/wp\/v2\/users\/1"}],"replies":[{"embeddable":true,"href":"https:\/\/nordicroots.se\/index.php\/wp-json\/wp\/v2\/comments?post=17635"}],"version-history":[{"count":57,"href":"https:\/\/nordicroots.se\/index.php\/wp-json\/wp\/v2\/pages\/17635\/revisions"}],"predecessor-version":[{"id":18527,"href":"https:\/\/nordicroots.se\/index.php\/wp-json\/wp\/v2\/pages\/17635\/revisions\/18527"}],"wp:attachment":[{"href":"https:\/\/nordicroots.se\/index.php\/wp-json\/wp\/v2\/media?parent=17635"}],"curies":[{"name":"wp","href":"https:\/\/api.w.org\/{rel}","templated":true}]}}