{"id":16162,"date":"2024-10-13T08:25:59","date_gmt":"2024-10-13T06:25:59","guid":{"rendered":"https:\/\/nordicroots.se\/index.php\/enquiry-thank-you-page\/"},"modified":"2026-02-05T13:00:31","modified_gmt":"2026-02-05T12:00:31","slug":"thank-you-page","status":"publish","type":"page","link":"https:\/\/nordicroots.se\/index.php\/thank-you-page\/","title":{"rendered":"Tack f\u00f6r din bokning"},"content":{"rendered":"\n<p class=\"has-text-align-center\">Du kommer f\u00e5 en bekr\u00e4ftelse p\u00e5 mail inom kort, kontrollera \u00e4ven din skr\u00e4ppost om du inte f\u00e5tt ditt mail.<\/p>\n","protected":false},"excerpt":{"rendered":"<p>Du kommer f\u00e5 en bekr\u00e4ftelse p\u00e5 mail inom kort, kontrollera \u00e4ven din skr\u00e4ppost om du inte f\u00e5tt ditt mail.<\/p>\n","protected":false},"author":1,"featured_media":0,"parent":0,"menu_order":0,"comment_status":"closed","ping_status":"closed","template":"","meta":{"footnotes":""},"class_list":["post-16162","page","type-page","status-publish","hentry"],"_links":{"self":[{"href":"https:\/\/nordicroots.se\/index.php\/wp-json\/wp\/v2\/pages\/16162","targetHints":{"allow":["GET"]}}],"collection":[{"href":"https:\/\/nordicroots.se\/index.php\/wp-json\/wp\/v2\/pages"}],"about":[{"href":"https:\/\/nordicroots.se\/index.php\/wp-json\/wp\/v2\/types\/page"}],"author":[{"embeddable":true,"href":"https:\/\/nordicroots.se\/index.php\/wp-json\/wp\/v2\/users\/1"}],"replies":[{"embeddable":true,"href":"https:\/\/nordicroots.se\/index.php\/wp-json\/wp\/v2\/comments?post=16162"}],"version-history":[{"count":6,"href":"https:\/\/nordicroots.se\/index.php\/wp-json\/wp\/v2\/pages\/16162\/revisions"}],"predecessor-version":[{"id":19157,"href":"https:\/\/nordicroots.se\/index.php\/wp-json\/wp\/v2\/pages\/16162\/revisions\/19157"}],"wp:attachment":[{"href":"https:\/\/nordicroots.se\/index.php\/wp-json\/wp\/v2\/media?parent=16162"}],"curies":[{"name":"wp","href":"https:\/\/api.w.org\/{rel}","templated":true}]}}