{"id":15592,"date":"2024-08-21T12:10:16","date_gmt":"2024-08-21T10:10:16","guid":{"rendered":"https:\/\/nordicroots.se\/?page_id=15592"},"modified":"2025-01-31T22:49:22","modified_gmt":"2025-01-31T21:49:22","slug":"moroccan-trophy-25","status":"publish","type":"page","link":"https:\/\/nordicroots.se\/index.php\/moroccan-trophy-25\/","title":{"rendered":"Moroccan Trophy 2025"},"content":{"rendered":"\n<div class=\"wp-block-cover alignfull wp-duotone-unset-1\" style=\"margin-top:0;padding-top:4vw;padding-right:4vw;padding-bottom:4vw;padding-left:4vw;min-height:50vh;aspect-ratio:unset;\"><span aria-hidden=\"true\" class=\"wp-block-cover__background has-transparent-background-color has-background-dim-40 has-background-dim\"><\/span><img loading=\"lazy\" decoding=\"async\" width=\"530\" height=\"353\" class=\"wp-block-cover__image-background wp-image-15621\" alt=\"\" src=\"https:\/\/nordicroots.se\/wp-content\/uploads\/2024\/08\/marocko_flagga__0.gif\" data-object-fit=\"cover\"\/><div class=\"wp-block-cover__inner-container is-layout-flow wp-block-cover-is-layout-flow\">\n<div class=\"wp-block-group is-layout-flow wp-container-core-group-is-layout-d6743c7d wp-block-group-is-layout-flow\">\n<p class=\"has-text-align-center has-text-color\" style=\"color:#ffb23d;font-size:clamp(50.171px, 3.136rem + ((1vw - 3.2px) * 5.662), 100px);font-style:normal;font-weight:700;letter-spacing:-2px;line-height:0.9;text-transform:uppercase\">Moroccan Trophy<\/p>\n\n\n\n<div style=\"height:48px\" aria-hidden=\"true\" class=\"wp-block-spacer\"><\/div>\n\n\n\n<div class=\"wp-block-buttons is-content-justification-center is-layout-flex wp-container-core-buttons-is-layout-a89b3969 wp-block-buttons-is-layout-flex\">\n<div class=\"wp-block-button has-custom-width wp-block-button__width-50 has-custom-font-size\" style=\"font-size:clamp(14px, 0.875rem + ((1vw - 3.2px) * 0.682), 20px);font-style:normal;font-weight:700;letter-spacing:1px;text-transform:uppercase\"><a class=\"wp-block-button__link has-contrast-color has-text-color has-background wp-element-button\" href=\"https:\/\/www.golfbox.dk\/livescoring\/tour\/?language=1053#\/competition\/4816716\" style=\"background-color:#ffb23d;padding-top:11px;padding-right:14px;padding-bottom:11px;padding-left:14px\">startlisOR &amp; leaderboard<\/a><\/div>\n<\/div>\n<\/div>\n<\/div><\/div>\n\n\n\n<p class=\"has-text-align-center\">V\u00e4lkomna till \u00e5rets roligaste golfvecka!<br>En h\u00e4rlig vecka tillsammans d\u00e4r ni utmanas med olika spelformer varje<br>dag, golfjakten, musikquiz och mycket mer.<\/p>\n\n\n\n<div class=\"wp-block-media-text is-stacked-on-mobile\"><figure class=\"wp-block-media-text__media\"><img loading=\"lazy\" decoding=\"async\" width=\"1024\" height=\"682\" src=\"https:\/\/nordicroots.se\/wp-content\/uploads\/2024\/08\/466104610-1024x682.jpg\" alt=\"\" class=\"wp-image-15605 size-full\" srcset=\"https:\/\/nordicroots.se\/wp-content\/uploads\/2024\/08\/466104610-1024x682.jpg 1024w, https:\/\/nordicroots.se\/wp-content\/uploads\/2024\/08\/466104610-300x200.jpg 300w, https:\/\/nordicroots.se\/wp-content\/uploads\/2024\/08\/466104610-768x512.jpg 768w, https:\/\/nordicroots.se\/wp-content\/uploads\/2024\/08\/466104610.jpg 1280w\" sizes=\"auto, (max-width: 1024px) 100vw, 1024px\" \/><\/figure><div class=\"wp-block-media-text__content\">\n<p>P\u00e5l Henrik 12<br>Stefan Jonas 29<br>Lena Csaba 30<br>Magnus Anders 48<br>Anders Mikael 52<br>H\u00e5kan Magnus 58<br>Henrik Benny 73<br>Anette Micke 83<br>Ann Anders 94<br>Hanna Tim 168<br>Mario Kerstin 238<\/p>\n<\/div><\/div>\n\n\n\n<div class=\"wp-block-media-text alignwide has-media-on-the-right is-stacked-on-mobile is-vertically-aligned-center is-image-fill-element has-background\" style=\"background-color:#f1f5c7\"><div class=\"wp-block-media-text__content\">\n<div class=\"wp-block-group is-layout-flow wp-block-group-is-layout-flow\" style=\"padding-top:2em;padding-right:2em;padding-bottom:2em;padding-left:2em\">\n<p style=\"font-size:clamp(22.041px, 1.378rem + ((1vw - 3.2px) * 1.586), 36px);line-height:1.2\"><strong>SINGEL<\/strong> &#8211; 27 JANUARI DUNES GOLF CLUB<\/p>\n\n\n\n<p class=\"has-extra-small-font-size\">En ganska tuff start d\u00e4r vi spelar singelspel fast \u00e4nd\u00e5 f\u00f6r sitt lag. Vi r\u00e4knar det b\u00e4sta netto resultatet per 9 h\u00e5lare som sedan blir lagets resultat f\u00f6r dagen \u00f6ver. Det r\u00e4cker allts\u00e5 med 9 bra h\u00e5l var&nbsp;men helst inte p\u00e5 samma 9:a.<br><br>TRANSFER FR\u00c5N HOTELLET 08:30<\/p>\n\n\n\n<p style=\"font-size:0.7rem\">ex. Niclas har 36 slag netto p\u00e5 f\u00f6rsta 9 och 38 slag netto p\u00e5 andra 9.<br>Hanna har 37 slag netto f\u00f6rsta 9 och 37 slag netto andra 9.<br>Lagets resultat blir d\u00e5:  36 (niclas f\u00f6rsta 9) + 37 (hanna andra 9) = 73<\/p>\n<\/div>\n<\/div><figure class=\"wp-block-media-text__media\"><img loading=\"lazy\" decoding=\"async\" width=\"940\" height=\"788\" src=\"https:\/\/nordicroots.se\/wp-content\/uploads\/2024\/08\/Dunes.jpg\" alt=\"\" class=\"wp-image-15611 size-full\" style=\"object-position:50% 50%\" srcset=\"https:\/\/nordicroots.se\/wp-content\/uploads\/2024\/08\/Dunes.jpg 940w, https:\/\/nordicroots.se\/wp-content\/uploads\/2024\/08\/Dunes-300x251.jpg 300w, https:\/\/nordicroots.se\/wp-content\/uploads\/2024\/08\/Dunes-768x644.jpg 768w\" sizes=\"auto, (max-width: 940px) 100vw, 940px\" \/><\/figure><\/div>\n\n\n\n<div class=\"wp-block-media-text alignwide is-stacked-on-mobile is-vertically-aligned-center is-image-fill-element has-background\" style=\"background-color:#fffdea\"><figure class=\"wp-block-media-text__media\"><img loading=\"lazy\" decoding=\"async\" width=\"1024\" height=\"669\" src=\"https:\/\/nordicroots.se\/wp-content\/uploads\/2024\/08\/le-soleil_00551960x1280-1024x669.jpg\" alt=\"\" class=\"wp-image-15608 size-full\" style=\"object-position:50% 50%\" srcset=\"https:\/\/nordicroots.se\/wp-content\/uploads\/2024\/08\/le-soleil_00551960x1280-1024x669.jpg 1024w, https:\/\/nordicroots.se\/wp-content\/uploads\/2024\/08\/le-soleil_00551960x1280-300x196.jpg 300w, https:\/\/nordicroots.se\/wp-content\/uploads\/2024\/08\/le-soleil_00551960x1280-768x502.jpg 768w, https:\/\/nordicroots.se\/wp-content\/uploads\/2024\/08\/le-soleil_00551960x1280-1536x1003.jpg 1536w, https:\/\/nordicroots.se\/wp-content\/uploads\/2024\/08\/le-soleil_00551960x1280.jpg 1960w\" sizes=\"auto, (max-width: 1024px) 100vw, 1024px\" \/><\/figure><div class=\"wp-block-media-text__content\">\n<div class=\"wp-block-group is-layout-flow wp-block-group-is-layout-flow\" style=\"padding-top:2em;padding-right:2em;padding-bottom:2em;padding-left:2em\">\n<p style=\"font-size:clamp(22.041px, 1.378rem + ((1vw - 3.2px) * 1.586), 36px);line-height:1.2\"><strong>RUMBLE &#8211; <\/strong>28 JANUARI<br>SOLEIL GOLF CLUB<\/p>\n\n\n\n<p class=\"has-extra-small-font-size\">Ny spelform f\u00f6r m\u00e5nga, variant p\u00e5 scramble<br>Nu blir det sp\u00e4nnande med en ny spelform som inte m\u00e5nga har spelat. H\u00e4r har man likt scramble r\u00e5d att missa n\u00e5gra slag men man m\u00e5ste t\u00e4nka till lite mer n\u00e4r man n\u00e4rmar sig h\u00e5l. Reglerna \u00e4r enkla, b\u00e5da spelarna har chansen att sl\u00e5 fr\u00e5n det b\u00e4sta l\u00e4get hela tiden f\u00f6rutom n\u00e4r bollen \u00e4r p\u00e5 green (n\u00e4r n\u00e5gon del av bollen nuddar green). V\u00e4l p\u00e5 green \u00e4r det vartannat slag likt foursome, den spelarens boll man valde p\u00e5 green b\u00f6rjar med att st\u00e5 \u00f6ver. F\u00f6r att kr\u00e5ngla till det lite ytterligare \u00e4r det 3 tvingande utslag per person och 9 h\u00e5l. B\u00e5da spelarna placerar sin boll inom 1 scorekort fr\u00e5n den valda bollens l\u00e4ge (man f\u00e5r d\u00e5 inte byta spelyta).<br><br>TRANSFER FR\u00c5N HOTELLET 09:30<\/p>\n<\/div>\n<\/div><\/div>\n\n\n\n<div class=\"wp-block-media-text alignwide has-media-on-the-right is-stacked-on-mobile is-vertically-aligned-center is-image-fill-element has-background\" style=\"background-color:#f1f5c7\"><div class=\"wp-block-media-text__content\">\n<div class=\"wp-block-group is-layout-flow wp-block-group-is-layout-flow\" style=\"padding-top:2em;padding-right:2em;padding-bottom:2em;padding-left:2em\">\n<p style=\"font-size:clamp(22.041px, 1.378rem + ((1vw - 3.2px) * 1.586), 36px);line-height:1.2\"><strong>B\u00c4STBOLL<\/strong> &#8211; 30 JANUARI TAZEGZOUT GOLF CLUB<\/p>\n\n\n\n<p class=\"has-extra-small-font-size\">Den perfekta kombinationen av samarbete och strategi H\u00e4r kommer en bekv\u00e4m spelform, n\u00e4mligen b\u00e4stboll. Man spelar sin egna boll hela v\u00e4gen p\u00e5 varje h\u00e5l f\u00f6r att sedan r\u00e4kna det b\u00e4sta nettoresultatet inom laget per h\u00e5l. Ett mindre bra h\u00e5l spelar ingen roll<br>s\u00e5 l\u00e4nge spelkamraten g\u00f6r det bra d\u00e4r. Det r\u00e4cker allts\u00e5 med 9 bra h\u00e5l var&nbsp;<\/p>\n\n\n\n<p class=\"has-extra-small-font-size\">Handicapet reduceras med 10%<br><br>TRANSFER FR\u00c5N HOTELLET 08:45<\/p>\n<\/div>\n<\/div><figure class=\"wp-block-media-text__media\"><img loading=\"lazy\" decoding=\"async\" width=\"1024\" height=\"652\" src=\"https:\/\/nordicroots.se\/wp-content\/uploads\/2024\/08\/Taze-1024x652.jpg\" alt=\"\" class=\"wp-image-15613 size-full\" style=\"object-position:50% 50%\" srcset=\"https:\/\/nordicroots.se\/wp-content\/uploads\/2024\/08\/Taze-1024x652.jpg 1024w, https:\/\/nordicroots.se\/wp-content\/uploads\/2024\/08\/Taze-300x191.jpg 300w, https:\/\/nordicroots.se\/wp-content\/uploads\/2024\/08\/Taze-768x489.jpg 768w, https:\/\/nordicroots.se\/wp-content\/uploads\/2024\/08\/Taze-1536x977.jpg 1536w, https:\/\/nordicroots.se\/wp-content\/uploads\/2024\/08\/Taze.jpg 1980w\" sizes=\"auto, (max-width: 1024px) 100vw, 1024px\" \/><\/figure><\/div>\n\n\n\n<div class=\"wp-block-media-text alignwide is-stacked-on-mobile is-vertically-aligned-center is-image-fill-element has-background\" style=\"background-color:#fffdea\"><figure class=\"wp-block-media-text__media\"><img loading=\"lazy\" decoding=\"async\" width=\"1024\" height=\"669\" src=\"https:\/\/nordicroots.se\/wp-content\/uploads\/2024\/08\/soleil1960x1280-1024x669.jpg\" alt=\"\" class=\"wp-image-15609 size-full\" style=\"object-position:50% 50%\" srcset=\"https:\/\/nordicroots.se\/wp-content\/uploads\/2024\/08\/soleil1960x1280-1024x669.jpg 1024w, https:\/\/nordicroots.se\/wp-content\/uploads\/2024\/08\/soleil1960x1280-300x196.jpg 300w, https:\/\/nordicroots.se\/wp-content\/uploads\/2024\/08\/soleil1960x1280-768x502.jpg 768w, https:\/\/nordicroots.se\/wp-content\/uploads\/2024\/08\/soleil1960x1280-1536x1003.jpg 1536w, https:\/\/nordicroots.se\/wp-content\/uploads\/2024\/08\/soleil1960x1280.jpg 1960w\" sizes=\"auto, (max-width: 1024px) 100vw, 1024px\" \/><\/figure><div class=\"wp-block-media-text__content\">\n<div class=\"wp-block-group is-layout-flow wp-block-group-is-layout-flow\" style=\"padding-top:2em;padding-right:2em;padding-bottom:2em;padding-left:2em\">\n<p style=\"font-size:clamp(22.041px, 1.378rem + ((1vw - 3.2px) * 1.586), 36px);line-height:1.2\"><strong>SCRAMBLE &#8211; <\/strong>31 JANUARI<br>SOLEIL GOLF CLUB<\/p>\n\n\n\n<p class=\"has-extra-small-font-size\">Den roligaste spelformen bland majoriteten av golfarna<br>Vi avslutar med 2 manna scramble som uppskattas av alla. H\u00e4r har man r\u00e5d<br>att missa n\u00e5gra slag och \u00e4nd\u00e5 f\u00e5 en fantastisk score. Reglerna \u00e4r enkla,<br>b\u00e5da spelarna har chansen att sl\u00e5 fr\u00e5n det b\u00e4sta l\u00e4get hela tiden. 6<br>tvingande utslag per person. B\u00e5da spelarna placerar sin boll inom 1<br>scorekort fr\u00e5n den valda bollens l\u00e4ge (man f\u00e5r d\u00e5 inte byta spelyta).<br><br>TRANSFER FR\u00c5N HOTELLET  10:00<\/p>\n<\/div>\n<\/div><\/div>\n","protected":false},"excerpt":{"rendered":"<p>V\u00e4lkomna till \u00e5rets roligaste golfvecka!En h\u00e4rlig vecka tillsammans d\u00e4r ni utmanas med olika spelformer varjedag, golfjakten, musikquiz och mycket mer. P\u00e5l Henrik 12Stefan Jonas 29Lena Csaba 30Magnus Anders 48Anders Mikael 52H\u00e5kan Magnus 58Henrik Benny 73Anette Micke 83Ann Anders 94Hanna Tim 168Mario Kerstin 238<\/p>\n","protected":false},"author":1,"featured_media":0,"parent":0,"menu_order":0,"comment_status":"closed","ping_status":"closed","template":"page-templates\/full-width-page.php","meta":{"footnotes":""},"class_list":["post-15592","page","type-page","status-publish","hentry"],"_links":{"self":[{"href":"https:\/\/nordicroots.se\/index.php\/wp-json\/wp\/v2\/pages\/15592","targetHints":{"allow":["GET"]}}],"collection":[{"href":"https:\/\/nordicroots.se\/index.php\/wp-json\/wp\/v2\/pages"}],"about":[{"href":"https:\/\/nordicroots.se\/index.php\/wp-json\/wp\/v2\/types\/page"}],"author":[{"embeddable":true,"href":"https:\/\/nordicroots.se\/index.php\/wp-json\/wp\/v2\/users\/1"}],"replies":[{"embeddable":true,"href":"https:\/\/nordicroots.se\/index.php\/wp-json\/wp\/v2\/comments?post=15592"}],"version-history":[{"count":28,"href":"https:\/\/nordicroots.se\/index.php\/wp-json\/wp\/v2\/pages\/15592\/revisions"}],"predecessor-version":[{"id":17592,"href":"https:\/\/nordicroots.se\/index.php\/wp-json\/wp\/v2\/pages\/15592\/revisions\/17592"}],"wp:attachment":[{"href":"https:\/\/nordicroots.se\/index.php\/wp-json\/wp\/v2\/media?parent=15592"}],"curies":[{"name":"wp","href":"https:\/\/api.w.org\/{rel}","templated":true}]}}