{"id":1235,"date":"2021-01-05T22:38:40","date_gmt":"2021-01-05T21:38:40","guid":{"rendered":"https:\/\/nordicroots.se\/?page_id=1235"},"modified":"2024-11-29T13:19:34","modified_gmt":"2024-11-29T12:19:34","slug":"bokningsforfragan","status":"publish","type":"page","link":"https:\/\/nordicroots.se\/index.php\/bokningsforfragan\/","title":{"rendered":"Bokningsf\u00f6rfr\u00e5gan"},"content":{"rendered":"<div class=\"wpforms-container wpforms-container-full wpforms-block wpforms-block-debb9f87-6716-4045-b0ea-f85f5c21c1e0 wpforms-render-modern\" id=\"wpforms-1376\"><form id=\"wpforms-form-1376\" class=\"wpforms-validate wpforms-form\" data-formid=\"1376\" method=\"post\" enctype=\"multipart\/form-data\" action=\"\/index.php\/wp-json\/wp\/v2\/pages\/1235\" data-token=\"6a7fcb64c032122af9e65793fd5626a0\" data-token-time=\"1776581542\"><noscript class=\"wpforms-error-noscript\">Aktivera JavaScript i din webbl\u00e4sare f\u00f6r att fylla i formul\u00e4ret.<\/noscript><div id=\"wpforms-error-noscript\" style=\"display: none;\">Aktivera JavaScript i din webbl\u00e4sare f\u00f6r att fylla i formul\u00e4ret.<\/div><div class=\"wpforms-field-container\"><div id=\"wpforms-1376-field_0-container\" class=\"wpforms-field wpforms-field-name\" data-field-id=\"0\"><label class=\"wpforms-field-label\" for=\"wpforms-1376-field_0\">Namn <span class=\"wpforms-required-label\" aria-hidden=\"true\">*<\/span><\/label><input type=\"text\" id=\"wpforms-1376-field_0\" class=\"wpforms-field-large wpforms-field-required\" name=\"wpforms[fields][0]\" aria-errormessage=\"wpforms-1376-field_0-error\" required><\/div><div id=\"wpforms-1376-field_1-container\" class=\"wpforms-field wpforms-field-email\" data-field-id=\"1\"><label class=\"wpforms-field-label\" for=\"wpforms-1376-field_1\">E-post <span class=\"wpforms-required-label\" aria-hidden=\"true\">*<\/span><\/label><input type=\"email\" id=\"wpforms-1376-field_1\" class=\"wpforms-field-large wpforms-field-required\" name=\"wpforms[fields][1]\" spellcheck=\"false\" aria-errormessage=\"wpforms-1376-field_1-error\" required><\/div><div id=\"wpforms-1376-field_8-container\" class=\"wpforms-field wpforms-field-number\" data-field-id=\"8\"><label class=\"wpforms-field-label\" for=\"wpforms-1376-field_8\">Telefon <span class=\"wpforms-required-label\" aria-hidden=\"true\">*<\/span><\/label><input type=\"number\" id=\"wpforms-1376-field_8\" class=\"wpforms-field-medium wpforms-field-required\" name=\"wpforms[fields][8]\" step=\"any\" aria-errormessage=\"wpforms-1376-field_8-error\" required><\/div><div id=\"wpforms-1376-field_10-container\" class=\"wpforms-field wpforms-field-text\" data-field-id=\"10\"><label class=\"wpforms-field-label\" for=\"wpforms-1376-field_10\">Vart vill du \u00e5ka? <span class=\"wpforms-required-label\" aria-hidden=\"true\">*<\/span><\/label><input type=\"text\" id=\"wpforms-1376-field_10\" class=\"wpforms-field-medium wpforms-field-required\" name=\"wpforms[fields][10]\" placeholder=\"\u00d6verraska mig, Alicante, Vilnius Grand Resort eller liknande\" aria-errormessage=\"wpforms-1376-field_10-error\" required><\/div><div id=\"wpforms-1376-field_5-container\" class=\"wpforms-field wpforms-field-number-slider\" data-field-id=\"5\"><label class=\"wpforms-field-label\" for=\"wpforms-1376-field_5\">Antal resen\u00e4rer?<\/label>\n<input\n\ttype=\"range\"\n\tid=\"wpforms-1376-field_5\" class=\"wpforms-field-medium\" name=\"wpforms[fields][5]\" value=\"2\" aria-errormessage=\"wpforms-1376-field_5-error\"\t\tmin=\"2\"\n\tmax=\"50\"\n\tstep=\"1\">\n\n<div class=\"wpforms-field-number-slider-hint\"\n\tdata-hint=\"Selected Value: {value}\">\n\tSelected Value: <b>2<\/b><\/div>\n<\/div><div id=\"wpforms-1376-field_6-container\" class=\"wpforms-field wpforms-field-text\" data-field-id=\"6\"><label class=\"wpforms-field-label\" for=\"wpforms-1376-field_6\">\u00d6nskade datum\/l\u00e4ngd p\u00e5 resa <span class=\"wpforms-required-label\" aria-hidden=\"true\">*<\/span><\/label><input type=\"text\" id=\"wpforms-1376-field_6\" class=\"wpforms-field-medium wpforms-field-required\" name=\"wpforms[fields][6]\" placeholder=\"1 juni - 5 juni, andra halvan av mars, hela april, l\u00f6rdag till l\u00f6rdag m.m\" aria-errormessage=\"wpforms-1376-field_6-error\" required><\/div><div id=\"wpforms-1376-field_7-container\" class=\"wpforms-field wpforms-field-checkbox wpforms-list-2-columns\" data-field-id=\"7\"><fieldset><legend class=\"wpforms-field-label\">Viktigast f\u00f6r oss &#8211; M\u00e5ltider<\/legend><ul id=\"wpforms-1376-field_7\"><li class=\"choice-6 depth-1\"><input type=\"checkbox\" id=\"wpforms-1376-field_7_6\" name=\"wpforms[fields][7][]\" value=\"Sj\u00e4lvservering\" aria-errormessage=\"wpforms-1376-field_7_6-error\"  ><label class=\"wpforms-field-label-inline\" for=\"wpforms-1376-field_7_6\">Sj\u00e4lvservering<\/label><\/li><li class=\"choice-8 depth-1\"><input type=\"checkbox\" id=\"wpforms-1376-field_7_8\" name=\"wpforms[fields][7][]\" value=\"Frukost\" aria-errormessage=\"wpforms-1376-field_7_8-error\"  ><label class=\"wpforms-field-label-inline\" for=\"wpforms-1376-field_7_8\">Frukost<\/label><\/li><li class=\"choice-7 depth-1\"><input type=\"checkbox\" id=\"wpforms-1376-field_7_7\" name=\"wpforms[fields][7][]\" value=\"Halvpension\" aria-errormessage=\"wpforms-1376-field_7_7-error\"  ><label class=\"wpforms-field-label-inline\" for=\"wpforms-1376-field_7_7\">Halvpension<\/label><\/li><li class=\"choice-9 depth-1\"><input type=\"checkbox\" id=\"wpforms-1376-field_7_9\" name=\"wpforms[fields][7][]\" value=\"All Inclusive\" aria-errormessage=\"wpforms-1376-field_7_9-error\"  ><label class=\"wpforms-field-label-inline\" for=\"wpforms-1376-field_7_9\">All Inclusive<\/label><\/li><\/ul><\/fieldset><\/div><div id=\"wpforms-1376-field_16-container\" class=\"wpforms-field wpforms-field-checkbox wpforms-list-2-columns\" data-field-id=\"16\"><fieldset><legend class=\"wpforms-field-label\">Viktigast f\u00f6r oss &#8211; Golf<\/legend><ul id=\"wpforms-1376-field_16\"><li class=\"choice-6 depth-1\"><input type=\"checkbox\" id=\"wpforms-1376-field_16_6\" name=\"wpforms[fields][16][]\" value=\"Flera banor\" aria-errormessage=\"wpforms-1376-field_16_6-error\"  ><label class=\"wpforms-field-label-inline\" for=\"wpforms-1376-field_16_6\">Flera banor<\/label><\/li><li class=\"choice-8 depth-1\"><input type=\"checkbox\" id=\"wpforms-1376-field_16_8\" name=\"wpforms[fields][16][]\" value=\"Obegr\u00e4nsad golf\" aria-errormessage=\"wpforms-1376-field_16_8-error\"  ><label class=\"wpforms-field-label-inline\" for=\"wpforms-1376-field_16_8\">Obegr\u00e4nsad golf<\/label><\/li><li class=\"choice-7 depth-1\"><input type=\"checkbox\" id=\"wpforms-1376-field_16_7\" name=\"wpforms[fields][16][]\" value=\"Tr\u00e4ningsomr\u00e5den\" aria-errormessage=\"wpforms-1376-field_16_7-error\"  ><label class=\"wpforms-field-label-inline\" for=\"wpforms-1376-field_16_7\">Tr\u00e4ningsomr\u00e5den<\/label><\/li><li class=\"choice-9 depth-1\"><input type=\"checkbox\" id=\"wpforms-1376-field_16_9\" name=\"wpforms[fields][16][]\" value=\"G\u00e5v\u00e4nlig\" aria-errormessage=\"wpforms-1376-field_16_9-error\"  ><label class=\"wpforms-field-label-inline\" for=\"wpforms-1376-field_16_9\">G\u00e5v\u00e4nlig<\/label><\/li><\/ul><\/fieldset><\/div><div id=\"wpforms-1376-field_17-container\" class=\"wpforms-field wpforms-field-checkbox wpforms-list-2-columns\" data-field-id=\"17\"><fieldset><legend class=\"wpforms-field-label\">Viktigast f\u00f6r oss &#8211; Boende<\/legend><ul id=\"wpforms-1376-field_17\"><li class=\"choice-6 depth-1\"><input type=\"checkbox\" id=\"wpforms-1376-field_17_6\" name=\"wpforms[fields][17][]\" value=\"L\u00e4genhet\" aria-errormessage=\"wpforms-1376-field_17_6-error\"  ><label class=\"wpforms-field-label-inline\" for=\"wpforms-1376-field_17_6\">L\u00e4genhet<\/label><\/li><li class=\"choice-8 depth-1\"><input type=\"checkbox\" id=\"wpforms-1376-field_17_8\" name=\"wpforms[fields][17][]\" value=\"Hotell\" aria-errormessage=\"wpforms-1376-field_17_8-error\"  ><label class=\"wpforms-field-label-inline\" for=\"wpforms-1376-field_17_8\">Hotell<\/label><\/li><li class=\"choice-7 depth-1\"><input type=\"checkbox\" id=\"wpforms-1376-field_17_7\" name=\"wpforms[fields][17][]\" value=\"Bo p\u00e5 banan\" aria-errormessage=\"wpforms-1376-field_17_7-error\"  ><label class=\"wpforms-field-label-inline\" for=\"wpforms-1376-field_17_7\">Bo p\u00e5 banan<\/label><\/li><li class=\"choice-9 depth-1\"><input type=\"checkbox\" id=\"wpforms-1376-field_17_9\" name=\"wpforms[fields][17][]\" value=\"Stadsn\u00e4ra\" aria-errormessage=\"wpforms-1376-field_17_9-error\"  ><label class=\"wpforms-field-label-inline\" for=\"wpforms-1376-field_17_9\">Stadsn\u00e4ra<\/label><\/li><li class=\"choice-11 depth-1\"><input type=\"checkbox\" id=\"wpforms-1376-field_17_11\" name=\"wpforms[fields][17][]\" value=\"Strand &amp; bad\" aria-errormessage=\"wpforms-1376-field_17_11-error\"  ><label class=\"wpforms-field-label-inline\" for=\"wpforms-1376-field_17_11\">Strand &amp; bad<\/label><\/li><li class=\"choice-10 depth-1\"><input type=\"checkbox\" id=\"wpforms-1376-field_17_10\" name=\"wpforms[fields][17][]\" value=\"SPA &amp; andra kringaktiviteter\" aria-errormessage=\"wpforms-1376-field_17_10-error\"  ><label class=\"wpforms-field-label-inline\" for=\"wpforms-1376-field_17_10\">SPA &amp; andra kringaktiviteter<\/label><\/li><\/ul><\/fieldset><\/div><div id=\"wpforms-1376-field_9-container\" class=\"wpforms-field wpforms-field-text\" data-field-id=\"9\"><label class=\"wpforms-field-label\" for=\"wpforms-1376-field_9\">Avresa flygplats <span class=\"wpforms-required-label\" aria-hidden=\"true\">*<\/span><\/label><input type=\"text\" id=\"wpforms-1376-field_9\" class=\"wpforms-field-medium wpforms-field-required\" name=\"wpforms[fields][9]\" aria-errormessage=\"wpforms-1376-field_9-error\" aria-describedby=\"wpforms-1376-field_9-description\" required><div id=\"wpforms-1376-field_9-description\" class=\"wpforms-field-description\">Om flera kan vara ett alternativ s\u00e5 \u00f6kar chansen till att f\u00e5 ner priset.<\/div><\/div><div id=\"wpforms-1376-field_13-container\" class=\"wpforms-field wpforms-field-number-slider\" data-field-id=\"13\"><label class=\"wpforms-field-label\" for=\"wpforms-1376-field_13\">Ungef\u00e4rlig budget <\/label>\n<input\n\ttype=\"range\"\n\tid=\"wpforms-1376-field_13\" class=\"wpforms-field-medium\" name=\"wpforms[fields][13]\" value=\"10000\" aria-errormessage=\"wpforms-1376-field_13-error\" aria-describedby=\"wpforms-1376-field_13-description\"\t\tmin=\"2000\"\n\tmax=\"50000\"\n\tstep=\"1000\">\n\n<div class=\"wpforms-field-number-slider-hint\"\n\tdata-hint=\"Valt v\u00e4rde: {value}\">\n\tValt v\u00e4rde: <b>10000<\/b><\/div>\n<div id=\"wpforms-1376-field_13-description\" class=\"wpforms-field-description\">pris per person<\/div><\/div><div id=\"wpforms-1376-field_2-container\" class=\"wpforms-field wpforms-field-textarea\" data-field-id=\"2\"><label class=\"wpforms-field-label\" for=\"wpforms-1376-field_2\">Meddelande<\/label><textarea id=\"wpforms-1376-field_2\" class=\"wpforms-field-small\" name=\"wpforms[fields][2]\" aria-errormessage=\"wpforms-1376-field_2-error\" aria-describedby=\"wpforms-1376-field_2-description\" ><\/textarea><div id=\"wpforms-1376-field_2-description\" class=\"wpforms-field-description\">\u00d6vriga \u00f6nskem\u00e5l<\/div><\/div><\/div><!-- .wpforms-field-container --><div class=\"wpforms-field wpforms-field-hp\"><label for=\"wpforms-1376-field-hp\" class=\"wpforms-field-label\">Website<\/label><input type=\"text\" name=\"wpforms[hp]\" id=\"wpforms-1376-field-hp\" class=\"wpforms-field-medium\"><\/div><div class=\"wpforms-submit-container\" ><input type=\"hidden\" name=\"wpforms[id]\" value=\"1376\"><input type=\"hidden\" name=\"page_title\" value=\"\"><input type=\"hidden\" name=\"page_url\" value=\"https:\/\/nordicroots.se\/index.php\/wp-json\/wp\/v2\/pages\/1235\"><input type=\"hidden\" name=\"url_referer\" value=\"\"><button type=\"submit\" name=\"wpforms[submit]\" id=\"wpforms-submit-1376\" class=\"wpforms-submit button color1\" data-alt-text=\"Skickar...\" data-submit-text=\"Skicka\" aria-live=\"assertive\" value=\"wpforms-submit\">Skicka<\/button><\/div><\/form><\/div>  <!-- .wpforms-container -->","protected":false},"excerpt":{"rendered":"","protected":false},"author":1,"featured_media":0,"parent":0,"menu_order":0,"comment_status":"closed","ping_status":"closed","template":"page-templates\/full-width-page.php","meta":{"footnotes":""},"class_list":["post-1235","page","type-page","status-publish","hentry"],"_links":{"self":[{"href":"https:\/\/nordicroots.se\/index.php\/wp-json\/wp\/v2\/pages\/1235","targetHints":{"allow":["GET"]}}],"collection":[{"href":"https:\/\/nordicroots.se\/index.php\/wp-json\/wp\/v2\/pages"}],"about":[{"href":"https:\/\/nordicroots.se\/index.php\/wp-json\/wp\/v2\/types\/page"}],"author":[{"embeddable":true,"href":"https:\/\/nordicroots.se\/index.php\/wp-json\/wp\/v2\/users\/1"}],"replies":[{"embeddable":true,"href":"https:\/\/nordicroots.se\/index.php\/wp-json\/wp\/v2\/comments?post=1235"}],"version-history":[{"count":13,"href":"https:\/\/nordicroots.se\/index.php\/wp-json\/wp\/v2\/pages\/1235\/revisions"}],"predecessor-version":[{"id":17231,"href":"https:\/\/nordicroots.se\/index.php\/wp-json\/wp\/v2\/pages\/1235\/revisions\/17231"}],"wp:attachment":[{"href":"https:\/\/nordicroots.se\/index.php\/wp-json\/wp\/v2\/media?parent=1235"}],"curies":[{"name":"wp","href":"https:\/\/api.w.org\/{rel}","templated":true}]}}